{"id":972,"date":"2017-09-25T15:56:11","date_gmt":"2017-09-25T13:56:11","guid":{"rendered":"http:\/\/aemtermarathon.de\/?page_id=972"},"modified":"2023-08-17T15:13:54","modified_gmt":"2023-08-17T13:13:54","slug":"soziales","status":"publish","type":"page","link":"https:\/\/aemtermarathon.de\/?page_id=972","title":{"rendered":"Soziales"},"content":{"rendered":"<p>Die Erl\u00f6se des \u00c4mtermarathon werden nach Abzug aller Ausgaben regelm\u00e4\u00dfig an gemeinn\u00fctzige Projekt oder Organisationen gespendet. Hierdurch konnten bereits \u00fcber 3.000 Euro weitergegeben werden. Auf dieser Seite sind die Empf\u00e4nger bei den Scheck\u00fcbergaben zu finden.<\/p>\n<p><strong>2008, Projekt Schutzengel 500,00 Euro<\/strong><br \/>\n<a href=\"http:\/\/aemtermarathon.de\/wp-content\/uploads\/2017\/08\/\u00c4M2008.jpg\" target=\"_blank\" rel=\"noopener noreferrer\"><img decoding=\"async\" loading=\"lazy\" class=\"aligncenter size-medium wp-image-776\" title=\"Schutzengel 2008\" src=\" http:\/\/aemtermarathon.de\/wp-content\/uploads\/2017\/08\/\u00c4M2008.jpg\" alt=\"\" width=\"300\" height=\"211\" \/><\/a><\/p>\n<p><strong>2009, Projekt Schutzengel 500,00 Euro<\/strong><br \/>\n<a href=\"http:\/\/aemtermarathon.de\/wp-content\/uploads\/2017\/08\/\u00c4M2009.jpg\" target=\"_blank\" rel=\"noopener noreferrer\"><img decoding=\"async\" loading=\"lazy\" class=\"aligncenter size-medium wp-image-776\" title=\"Schutzengel 2009\" src=\" http:\/\/aemtermarathon.de\/wp-content\/uploads\/2017\/08\/\u00c4M2009.jpg\" alt=\"\" width=\"300\" height=\"211\" \/><\/a><\/p>\n<p><strong>2010, Kreispr\u00e4ventionsrat 450,00 Euro<\/strong><br \/>\n<a href=\"http:\/\/aemtermarathon.de\/wp-content\/uploads\/2017\/08\/\u00c4M2010.jpg\" target=\"_blank\" rel=\"noopener noreferrer\"><img decoding=\"async\" loading=\"lazy\" class=\"aligncenter size-medium wp-image-776\" title=\"Kreispr\u00e4ventionsrat 2010\" src=\" http:\/\/aemtermarathon.de\/wp-content\/uploads\/2017\/08\/\u00c4M2010.jpg\" alt=\"\" width=\"300\" height=\"211\" \/><\/a><\/p>\n<p><strong>2012, Wim Bar Munster 555,55 Euro<\/strong><br \/>\n<a href=\"http:\/\/aemtermarathon.de\/wp-content\/uploads\/2017\/08\/\u00c4M2012.jpg\" target=\"_blank\" rel=\"noopener noreferrer\"><img decoding=\"async\" loading=\"lazy\" class=\"aligncenter size-medium wp-image-776\" title=\"Wim Bar 2012\" src=\" http:\/\/aemtermarathon.de\/wp-content\/uploads\/2017\/08\/\u00c4M2012.jpg\" alt=\"\" width=\"300\" height=\"211\" \/><\/a><\/p>\n<p><strong>2013, DRK-Soltau 500,00 Euro<\/strong><br \/>\n<a href=\"http:\/\/aemtermarathon.de\/wp-content\/uploads\/2017\/08\/\u00c4M2013.jpg\" target=\"_blank\" rel=\"noopener noreferrer\"><img decoding=\"async\" loading=\"lazy\" class=\"aligncenter size-medium wp-image-776\" title=\"DRK Soltau 2013\" src=\" http:\/\/aemtermarathon.de\/wp-content\/uploads\/2017\/08\/\u00c4M2013.jpg\" alt=\"\" width=\"300\" height=\"211\" \/><\/a><\/p>\n<p><strong>2016, Sportbund Heidekreis- Jugendarbeit 500,00 Euro<\/strong><br \/>\n<a href=\"http:\/\/aemtermarathon.de\/wp-content\/uploads\/2017\/08\/\u00c4M2016.jpg\" target=\"_blank\" rel=\"noopener noreferrer\"><img decoding=\"async\" loading=\"lazy\" class=\"aligncenter size-medium wp-image-776\" title=\"Sportbund Heidekreis\" src=\" http:\/\/aemtermarathon.de\/wp-content\/uploads\/2017\/08\/\u00c4M2016.jpg\" alt=\"\" width=\"300\" height=\"211\" \/><\/a><\/p>\n<p><strong>2018, Onkologischer Arbeitskreis Walsrode e.V. 500,00 Euro<\/strong><br \/>\n<a href=\"http:\/\/aemtermarathon.de\/wp-content\/uploads\/2019\/08\/Scheck\u00fcbergabeHP-1.jpg\" target=\"_blank\" rel=\"noopener noreferrer\"><img decoding=\"async\" loading=\"lazy\" class=\"aligncenter size-medium wp-image-776\" title=\"Onkologischer Arbeitskreis Walsrode e.V.\" src=\"http:\/\/aemtermarathon.de\/wp-content\/uploads\/2019\/08\/Scheck\u00fcbergabeHP-1.jpg\" alt=\"\" width=\"300\" height=\"211\" \/><\/a><\/p>\n","protected":false},"excerpt":{"rendered":"<p>Die Erl\u00f6se des \u00c4mtermarathon werden nach Abzug aller Ausgaben regelm\u00e4\u00dfig an gemeinn\u00fctzige Projekt oder Organisationen gespendet. Hierdurch konnten bereits \u00fcber 3.000 Euro weitergegeben werden. Auf dieser Seite sind die Empf\u00e4nger bei den Scheck\u00fcbergaben zu finden. 2008, Projekt Schutzengel 500,00 Euro 2009, Projekt Schutzengel 500,00 Euro 2010, Kreispr\u00e4ventionsrat 450,00 Euro 2012, Wim Bar Munster 555,55 Euro [&hellip;]<\/p>\n","protected":false},"author":2,"featured_media":0,"parent":0,"menu_order":4,"comment_status":"closed","ping_status":"closed","template":"","meta":{"footnotes":""},"_links":{"self":[{"href":"https:\/\/aemtermarathon.de\/index.php?rest_route=\/wp\/v2\/pages\/972"}],"collection":[{"href":"https:\/\/aemtermarathon.de\/index.php?rest_route=\/wp\/v2\/pages"}],"about":[{"href":"https:\/\/aemtermarathon.de\/index.php?rest_route=\/wp\/v2\/types\/page"}],"author":[{"embeddable":true,"href":"https:\/\/aemtermarathon.de\/index.php?rest_route=\/wp\/v2\/users\/2"}],"replies":[{"embeddable":true,"href":"https:\/\/aemtermarathon.de\/index.php?rest_route=%2Fwp%2Fv2%2Fcomments&post=972"}],"version-history":[{"count":37,"href":"https:\/\/aemtermarathon.de\/index.php?rest_route=\/wp\/v2\/pages\/972\/revisions"}],"predecessor-version":[{"id":1156,"href":"https:\/\/aemtermarathon.de\/index.php?rest_route=\/wp\/v2\/pages\/972\/revisions\/1156"}],"wp:attachment":[{"href":"https:\/\/aemtermarathon.de\/index.php?rest_route=%2Fwp%2Fv2%2Fmedia&parent=972"}],"curies":[{"name":"wp","href":"https:\/\/api.w.org\/{rel}","templated":true}]}}